{"id":6575,"date":"2023-02-01T04:31:59","date_gmt":"2023-02-01T03:31:59","guid":{"rendered":"https:\/\/www.annebo.fr\/?post_type=product&#038;p=6575"},"modified":"2023-02-12T17:11:01","modified_gmt":"2023-02-12T16:11:01","slug":"cape-bottelli","status":"publish","type":"product","link":"https:\/\/www.annebo.fr\/en\/product\/cape-bottelli\/","title":{"rendered":"Cape bOttelli"},"content":{"rendered":"<div class=\"page\" title=\"Page 3\">\n<div class=\"layoutArea\">\n<div class=\"column\"><\/div>\n<\/div>\n<p>&nbsp;<\/p>\n<div class=\"layoutArea\">\n<div class=\"column\">\n<p>&nbsp;<\/p>\n<\/div>\n<\/div>\n<\/div>\n","protected":false},"excerpt":{"rendered":"<div class=\"layoutArea\">\n<div class=\"column\">\n<p>Lovez-vous dans cette cape longue ou courte qui vous apportera douceur et chaleur pour affronter l\u2019hiver.<\/p>\n<\/div>\n<\/div>\n<div class=\"layoutArea\">\n<div class=\"column\">\n<p>Elle a des de\u0301coupes raglan, un col montant ferme\u0301 par une patte de boutonnage, des poches double\u0301es a\u0300 rabat pour la version longue ou des poches passepoile\u0301es pour les versions courtes ou longues. C\u2019est un mode\u0300le non double\u0301 avec une finition ganse\u0301e qui lui apportera toute son e\u0301le\u0301gance.<\/p>\n<p>Jouez le jeu des superpositions avec une robe pull, des bottes et un bonnet pour la version longue ou plus sportswear avec un jean \u00a0et une doudoune en dessous pour les jours les plus froids. Elle viendra comple\u0301ter vos looks d&#8217;hiver de fac\u0327on tre\u0300s e\u0301le\u0301gante.<\/p>\n<p>Bref, vous l\u2019aurez compris, elle deviendra un bO classique de votre garde-robe.<\/p>\n<p style=\"text-align: left;\">&#8211; Coupe longue ou courte<br \/>\n&#8211;\u00a0Col montant ferm\u00e9 par une patte de boutonnage<br \/>\n&#8211; Poches passepoil\u00e9es ou poches plaqu\u00e9es \u00e0 rabats<br \/>\n&#8211; Finition gans\u00e9e<br \/>\n&#8211; Niveau interm\u00e9diaire<\/p>\n<\/div>\n<\/div>\n<p>&nbsp;<\/p>\n<hr \/>\n<p>&nbsp;<\/p>\n<p style=\"text-align: left; padding-left: 40px;\"><em>Patron de couture au format pdf de la taille 34 \u00e0 50.<\/em><br \/>\n<em>Disponible en t\u00e9l\u00e9chargement d\u00e8s validation de la commande.<\/em><br \/>\n<i>Pages au format A4 pour impression facile. Format A0 \u00e9galement inclus.<\/i><br \/>\n<i>Les pi\u00e8ces du patron ne se superposent pas, permettant une d\u00e9coupe plus facile.<\/i><br \/>\n<i>Marges de couture incluses.<\/i><br \/>\n<i>Fourni avec cahier explicatif illustr\u00e9 en\u00a0fran\u00e7ais et\u00a0en anglais et un livret de techniques avec des fiches pratiques<\/i><br \/>\n<i>Tutoriel vid\u00e9o pour le montage disponible en cliquant ici :\u00a0<a href=\"https:\/\/youtu.be\/0ACxTlCYnoU\">Tutoriel bOttelli<\/a><\/i><\/p>\n<p>&nbsp;<\/p>\n<p>&nbsp;<\/p>\n","protected":false},"featured_media":6726,"template":"","meta":{"om_disable_all_campaigns":false,"_monsterinsights_skip_tracking":false,"_monsterinsights_sitenote_active":false,"_monsterinsights_sitenote_note":"","_monsterinsights_sitenote_category":0},"product_brand":[],"product_cat":[136],"product_tag":[123,138,137,22,51],"class_list":{"0":"post-6575","1":"product","2":"type-product","3":"status-publish","4":"has-post-thumbnail","6":"product_cat-capes","7":"product_tag-anne-bo","8":"product_tag-bottelli","9":"product_tag-cape","10":"product_tag-patron","11":"product_tag-pdf","13":"entry","14":"has-media","16":"first","17":"instock","18":"downloadable","19":"virtual","20":"taxable","21":"purchasable","22":"product-type-simple","23":"has-product-nav","24":"col","25":"span_1_of_3","26":"owp-content-center","27":"owp-thumbs-layout-horizontal","28":"owp-btn-normal","29":"owp-tabs-layout-horizontal"},"aioseo_notices":[],"jetpack_sharing_enabled":true,"_links":{"self":[{"href":"https:\/\/www.annebo.fr\/en\/wp-json\/wp\/v2\/product\/6575","targetHints":{"allow":["GET"]}}],"collection":[{"href":"https:\/\/www.annebo.fr\/en\/wp-json\/wp\/v2\/product"}],"about":[{"href":"https:\/\/www.annebo.fr\/en\/wp-json\/wp\/v2\/types\/product"}],"version-history":[{"count":4,"href":"https:\/\/www.annebo.fr\/en\/wp-json\/wp\/v2\/product\/6575\/revisions"}],"predecessor-version":[{"id":6668,"href":"https:\/\/www.annebo.fr\/en\/wp-json\/wp\/v2\/product\/6575\/revisions\/6668"}],"wp:featuredmedia":[{"embeddable":true,"href":"https:\/\/www.annebo.fr\/en\/wp-json\/wp\/v2\/media\/6726"}],"wp:attachment":[{"href":"https:\/\/www.annebo.fr\/en\/wp-json\/wp\/v2\/media?parent=6575"}],"wp:term":[{"taxonomy":"product_brand","embeddable":true,"href":"https:\/\/www.annebo.fr\/en\/wp-json\/wp\/v2\/product_brand?post=6575"},{"taxonomy":"product_cat","embeddable":true,"href":"https:\/\/www.annebo.fr\/en\/wp-json\/wp\/v2\/product_cat?post=6575"},{"taxonomy":"product_tag","embeddable":true,"href":"https:\/\/www.annebo.fr\/en\/wp-json\/wp\/v2\/product_tag?post=6575"}],"curies":[{"name":"wp","href":"https:\/\/api.w.org\/{rel}","templated":true}]}}