{"id":7766,"date":"2024-04-07T10:25:41","date_gmt":"2024-04-07T08:25:41","guid":{"rendered":"https:\/\/www.annebo.fr\/?post_type=product&#038;p=7766"},"modified":"2024-04-20T20:13:57","modified_gmt":"2024-04-20T18:13:57","slug":"blouse-bolchoi","status":"publish","type":"product","link":"https:\/\/www.annebo.fr\/en\/product\/blouse-bolchoi\/","title":{"rendered":"Blouse bOlcho\u00ef"},"content":{"rendered":"","protected":false},"excerpt":{"rendered":"<p style=\"text-align: left;\">Un brin boh\u00e8me, cette blouse bOlcho\u00ef pr\u00e9sente des d\u00e9coupes devant et dos qui lui apportent toute son originalit\u00e9. Ses fronces au niveau des manches, de la poitrine et du dos apportent du volume et du caract\u00e8re \u00e0 la pi\u00e8ce. Elle sera sublim\u00e9e avec des tissus fins et fluides.<span class=\"Apple-converted-space\">\u00a0<\/span><\/p>\n<p style=\"text-align: left;\">&#8211; Blouse ample<br \/>\n&#8211; Encolure ronde<br \/>\n&#8211; Patte de boutonnage<br \/>\n&#8211; 3 versions de manches<br \/>\n&#8211; Empi\u00e8cements devant et dos<\/p>\n<hr \/>\n<p>&nbsp;<\/p>\n<p style=\"text-align: left; padding-left: 40px;\"><em>Patron de couture au format pdf de la taille 34 \u00e0 50.<\/em><br \/>\n<em>Disponible en t\u00e9l\u00e9chargement d\u00e8s validation de la commande.<\/em><br \/>\n<i>Pages au format A4 pour impression facile. Format A0 \u00e9galement inclus.<\/i><br \/>\n<i>Les pi\u00e8ces du patron ne se superposent pas, permettant une d\u00e9coupe plus facile.<\/i><br \/>\n<i>Marges de couture incluses.<\/i><br \/>\n<i>Fourni avec cahier explicatif illustr\u00e9 en\u00a0fran\u00e7ais et\u00a0en anglais et un livret de techniques avec des fiches pratiques<\/i><br \/>\n<i><span style=\"color: #000000;\">Tutoriel vid\u00e9o disponible ici : <a href=\"https:\/\/youtu.be\/6IZNLLaBsoc\">Tutoriel montage blouse bOlcho\u00ef<\/a><\/span><\/i><\/p>\n<p>&nbsp;<\/p>\n","protected":false},"featured_media":7802,"template":"","meta":{"om_disable_all_campaigns":false,"_monsterinsights_skip_tracking":false,"_monsterinsights_sitenote_active":false,"_monsterinsights_sitenote_note":"","_monsterinsights_sitenote_category":0},"product_brand":[],"product_cat":[145],"product_tag":[124,146,148,147,52,22,133,125],"class_list":{"0":"post-7766","1":"product","2":"type-product","3":"status-publish","4":"has-post-thumbnail","6":"product_cat-blouse","7":"product_tag-annebo","8":"product_tag-blouse","9":"product_tag-blouse-boheme","10":"product_tag-bolchoi","11":"product_tag-couture","12":"product_tag-patron","13":"product_tag-patron-pdf","14":"product_tag-style-francais","16":"entry","17":"has-media","19":"first","20":"instock","21":"downloadable","22":"virtual","23":"taxable","24":"purchasable","25":"product-type-simple","26":"has-product-nav","27":"col","28":"span_1_of_3","29":"owp-content-center","30":"owp-thumbs-layout-horizontal","31":"owp-btn-normal","32":"owp-tabs-layout-horizontal"},"aioseo_notices":[],"jetpack_sharing_enabled":true,"_links":{"self":[{"href":"https:\/\/www.annebo.fr\/en\/wp-json\/wp\/v2\/product\/7766","targetHints":{"allow":["GET"]}}],"collection":[{"href":"https:\/\/www.annebo.fr\/en\/wp-json\/wp\/v2\/product"}],"about":[{"href":"https:\/\/www.annebo.fr\/en\/wp-json\/wp\/v2\/types\/product"}],"version-history":[{"count":8,"href":"https:\/\/www.annebo.fr\/en\/wp-json\/wp\/v2\/product\/7766\/revisions"}],"predecessor-version":[{"id":7871,"href":"https:\/\/www.annebo.fr\/en\/wp-json\/wp\/v2\/product\/7766\/revisions\/7871"}],"wp:featuredmedia":[{"embeddable":true,"href":"https:\/\/www.annebo.fr\/en\/wp-json\/wp\/v2\/media\/7802"}],"wp:attachment":[{"href":"https:\/\/www.annebo.fr\/en\/wp-json\/wp\/v2\/media?parent=7766"}],"wp:term":[{"taxonomy":"product_brand","embeddable":true,"href":"https:\/\/www.annebo.fr\/en\/wp-json\/wp\/v2\/product_brand?post=7766"},{"taxonomy":"product_cat","embeddable":true,"href":"https:\/\/www.annebo.fr\/en\/wp-json\/wp\/v2\/product_cat?post=7766"},{"taxonomy":"product_tag","embeddable":true,"href":"https:\/\/www.annebo.fr\/en\/wp-json\/wp\/v2\/product_tag?post=7766"}],"curies":[{"name":"wp","href":"https:\/\/api.w.org\/{rel}","templated":true}]}}